{"id":83,"date":"2026-02-22T09:32:33","date_gmt":"2026-02-22T09:32:33","guid":{"rendered":"https:\/\/hunsrueck-kollektiv.de\/?post_type=product&#038;p=83"},"modified":"2026-02-22T12:53:29","modified_gmt":"2026-02-22T12:53:29","slug":"hoodie-logo-gross","status":"publish","type":"product","link":"https:\/\/hunsrueck-kollektiv.de\/index.php\/produkt\/hoodie-logo-gross\/","title":{"rendered":"Hoodie &#8211; Logo gro\u00df"},"content":{"rendered":"<div class=\"card-body\">\u00c4rmelabschl\u00fcsse und unterer Saum in 1&#215;1 Ripp mit Elasthan | K\u00e4ngurutasche vorne mit verst\u00e4rkten N\u00e4hten | Schulternaht und Armausschnitt mit Flatlock-Steppnaht | Zeitgem\u00e4\u00dfer Schnitt | Schlauchwaren-Ausf\u00fchrung | Angeraute Fleece-Innenseite | B&amp;C Collection ist Mitglied der Fair Wear Foundation | Vegan | REACH | Oeko-Tex 100 | Faire Arbeitsbedingungen | B\u00fcgeln erlaubt | Trockner geeignet | 40 \u00b0C waschbar | B&amp;C ist Mitglied der Better Cotton-Initiative<\/div>\n<div class=\"card-body mt-0\">\n<dl class=\"row produkt-attribute my-0 py-0 \">\n<dd class=\"col col-12 col-sm-10 pb-1 mb-0\">Nachhaltig\u00adkeit\/Ethik: Fairwear, Nachhaltig<\/dd>\n<dd class=\"col col-12 col-sm-10 pb-1 mb-0\">Material: 80% Baumwolle \/ 20% Polyester<\/dd>\n<dd class=\"col col-12 col-sm-10 pb-1 mb-0\">Grammatur: 280 g\/m\u00b2<\/dd>\n<\/dl>\n<\/div>\n","protected":false},"excerpt":{"rendered":"<p>\u00c4rmelabschl\u00fcsse und unterer Saum in 1&#215;1 Ripp mit Elasthan | K\u00e4ngurutasche vorne mit verst\u00e4rkten N\u00e4hten | Schulternaht und Armausschnitt mit Flatlock-Steppnaht | Zeitgem\u00e4\u00dfer Schnitt | Schlauchwaren-Ausf\u00fchrung | Angeraute Fleece-Innenseite | B&amp;C Collection ist Mitglied der Fair Wear Foundation | Vegan | REACH | Oeko-Tex 100 | Faire Arbeitsbedingungen | B\u00fcgeln erlaubt | Trockner geeignet | [&hellip;]<\/p>\n","protected":false},"featured_media":208,"template":"","meta":[],"product_brand":[22],"product_cat":[21],"product_tag":[23,24],"class_list":{"0":"post-83","1":"product","2":"type-product","3":"status-publish","4":"has-post-thumbnail","6":"product_brand-bc","7":"product_cat-bekleidung","8":"product_tag-hoodie","9":"product_tag-logo-gross","11":"first","12":"instock","13":"shipping-taxable","14":"purchasable","15":"product-type-variable","16":"has-default-attributes"},"jetpack_sharing_enabled":true,"_links":{"self":[{"href":"https:\/\/hunsrueck-kollektiv.de\/index.php\/wp-json\/wp\/v2\/product\/83","targetHints":{"allow":["GET"]}}],"collection":[{"href":"https:\/\/hunsrueck-kollektiv.de\/index.php\/wp-json\/wp\/v2\/product"}],"about":[{"href":"https:\/\/hunsrueck-kollektiv.de\/index.php\/wp-json\/wp\/v2\/types\/product"}],"wp:featuredmedia":[{"embeddable":true,"href":"https:\/\/hunsrueck-kollektiv.de\/index.php\/wp-json\/wp\/v2\/media\/208"}],"wp:attachment":[{"href":"https:\/\/hunsrueck-kollektiv.de\/index.php\/wp-json\/wp\/v2\/media?parent=83"}],"wp:term":[{"taxonomy":"product_brand","embeddable":true,"href":"https:\/\/hunsrueck-kollektiv.de\/index.php\/wp-json\/wp\/v2\/product_brand?post=83"},{"taxonomy":"product_cat","embeddable":true,"href":"https:\/\/hunsrueck-kollektiv.de\/index.php\/wp-json\/wp\/v2\/product_cat?post=83"},{"taxonomy":"product_tag","embeddable":true,"href":"https:\/\/hunsrueck-kollektiv.de\/index.php\/wp-json\/wp\/v2\/product_tag?post=83"}],"curies":[{"name":"wp","href":"https:\/\/api.w.org\/{rel}","templated":true}]}}