{"id":232,"date":"2026-02-22T12:39:05","date_gmt":"2026-02-22T12:39:05","guid":{"rendered":"https:\/\/hunsrueck-kollektiv.de\/?post_type=product&#038;p=232"},"modified":"2026-02-22T12:55:36","modified_gmt":"2026-02-22T12:55:36","slug":"t-shirt-logo-klein","status":"publish","type":"product","link":"https:\/\/hunsrueck-kollektiv.de\/index.php\/produkt\/t-shirt-logo-klein\/","title":{"rendered":"T-Shirt Logo klein"},"content":{"rendered":"<div class=\"card-body\">\n<div class=\"card-body\">\n<p>Doppeln\u00e4hte und durchgehendes Schulterband sind zwei Qualit\u00e4tsmerkmale dieses beliebten Basics in guter Promotionqualit\u00e4t. Die Vierteldrehung des Schlauchs im Verarbeitungaprozess vermeidet eine Mittelfalte und rundet die \u00fcbereugende Qualit\u00e4t gekonnt ab.<\/p>\n<p>Klassisch mittelschwerer Stoff | 2,2 cm Ripp-Kragen | Nacken- und Schulterband | Doppelnaht an \u00c4rmel und Saum | Klassischer Schnitt, ohne Seitenn\u00e4hte | Heraustrennbares Etikett | REACH | Faire Arbeitsbedingungen | WRAP | Oeko-Tex 100 | 30 \u00b0C waschbar | Bleichen m\u00f6glich | Trockner geeignet<\/p>\n<\/div>\n<div class=\"card-body mt-0\">\n<dl class=\"row produkt-attribute my-0 py-0 \">\n<dd class=\"col col-12 col-sm-10 pb-1 mb-0\">Material: 100% Baumwolle (Ash Grey: 99% Baumwolle \/ 1% Polyester; Antique Cherry Red, Antique Irish Green, Antique Jade Dome, Antique Orange, Antique Sapphire, Sport Grey: 90% Baumwolle \/ 10 % Polyester; Blackberry, Dark Heather, Lilac, Midnight, Russet, Sunset, Tweed, Heather Sapphire, Safety Pink, Graphite Heather: 50% Baumwolle \/ 50% Polyester)<\/dd>\n<dd class=\"col col-12 col-sm-10 pb-1 mb-0\">Grammatur: 175 g\/m\u00b2<\/dd>\n<\/dl>\n<\/div>\n<\/div>\n","protected":false},"excerpt":{"rendered":"<p>Doppeln\u00e4hte und durchgehendes Schulterband sind zwei Qualit\u00e4tsmerkmale dieses beliebten Basics in guter Promotionqualit\u00e4t. Die Vierteldrehung des Schlauchs im Verarbeitungaprozess vermeidet eine Mittelfalte und rundet die \u00fcbereugende Qualit\u00e4t gekonnt ab. Klassisch mittelschwerer Stoff | 2,2 cm Ripp-Kragen | Nacken- und Schulterband | Doppelnaht an \u00c4rmel und Saum | Klassischer Schnitt, ohne Seitenn\u00e4hte | Heraustrennbares Etikett | [&hellip;]<\/p>\n","protected":false},"featured_media":226,"template":"","meta":[],"product_brand":[22],"product_cat":[21],"product_tag":[25,31],"class_list":{"0":"post-232","1":"product","2":"type-product","3":"status-publish","4":"has-post-thumbnail","6":"product_brand-bc","7":"product_cat-bekleidung","8":"product_tag-logo-klein","9":"product_tag-t-shirt","11":"first","12":"instock","13":"shipping-taxable","14":"purchasable","15":"product-type-variable","16":"has-default-attributes"},"jetpack_sharing_enabled":true,"_links":{"self":[{"href":"https:\/\/hunsrueck-kollektiv.de\/index.php\/wp-json\/wp\/v2\/product\/232","targetHints":{"allow":["GET"]}}],"collection":[{"href":"https:\/\/hunsrueck-kollektiv.de\/index.php\/wp-json\/wp\/v2\/product"}],"about":[{"href":"https:\/\/hunsrueck-kollektiv.de\/index.php\/wp-json\/wp\/v2\/types\/product"}],"wp:featuredmedia":[{"embeddable":true,"href":"https:\/\/hunsrueck-kollektiv.de\/index.php\/wp-json\/wp\/v2\/media\/226"}],"wp:attachment":[{"href":"https:\/\/hunsrueck-kollektiv.de\/index.php\/wp-json\/wp\/v2\/media?parent=232"}],"wp:term":[{"taxonomy":"product_brand","embeddable":true,"href":"https:\/\/hunsrueck-kollektiv.de\/index.php\/wp-json\/wp\/v2\/product_brand?post=232"},{"taxonomy":"product_cat","embeddable":true,"href":"https:\/\/hunsrueck-kollektiv.de\/index.php\/wp-json\/wp\/v2\/product_cat?post=232"},{"taxonomy":"product_tag","embeddable":true,"href":"https:\/\/hunsrueck-kollektiv.de\/index.php\/wp-json\/wp\/v2\/product_tag?post=232"}],"curies":[{"name":"wp","href":"https:\/\/api.w.org\/{rel}","templated":true}]}}